{"id":2067,"date":"2025-02-11T10:29:34","date_gmt":"2025-02-11T09:29:34","guid":{"rendered":"https:\/\/regn.fr\/?page_id=2067"},"modified":"2025-02-11T10:29:35","modified_gmt":"2025-02-11T09:29:35","slug":"politique-de-cookies","status":"publish","type":"page","link":"https:\/\/regn.fr\/fr\/politique-de-cookies\/","title":{"rendered":"Politique de cookies"},"content":{"rendered":"<h2 class=\"wp-block-heading\">Extension de gestion des cookies<\/h2>\n\n\n\n<p><a href=\"https:\/\/www.cookieyes.com\/product\/wordpress-plugin\/\">CookieYes<\/a><\/p>\n\n\n\n<h2 class=\"wp-block-heading\">Utilisation des cookies sur le site<\/h2>\n\n\n\n<p><strong>Les cookies utilis\u00e9s sur le Site :&nbsp;<\/strong><\/p>\n\n\n\n<figure class=\"wp-block-table\"><table class=\"has-fixed-layout\"><thead><tr><th>Nom du cookie<\/th><th>Comment ne plus \u00eatre suivi ?<\/th><\/tr><\/thead><tbody><tr><td>Youtube<\/td><td>En param\u00e9trant votre navigateur de mani\u00e8re \u00e0 bloquer tous les cookies (d\u00e9tails compl\u00e9mentaires <a href=\"https:\/\/policies.google.com\/privacy\">ici<\/a>)<\/td><\/tr><tr><td>Google Analytics<\/td><td>En vous rendant&nbsp;<a href=\"https:\/\/tools.google.com\/dlpage\/gaoptout\" target=\"_blank\" rel=\"noreferrer noopener\">ici<\/a><\/td><\/tr><tr><td>Google reCaptcha<\/td><td>Cookie n\u00e9cessaire<\/td><\/tr><tr><td>WordPress Emoji<\/td><td>Cookie n\u00e9cessaire<\/td><\/tr><\/tbody><\/table><\/figure>\n\n\n\n<p><em>(La liste est mise \u00e0 jour au 1<sup>er<\/sup>&nbsp;janvier de chaque ann\u00e9e)<\/em><\/p>\n\n\n\n<p><strong>Contr\u00f4ler l&#8217;utilisation des cookies<\/strong><\/p>\n\n\n\n<p>L\u2019internaute peut configurer son navigateur pour supprimer ou refuser syst\u00e9matiquement les cookies lors de sa navigation. Le refus syst\u00e9matique des cookies est susceptible d\u2019affecter le bon fonctionnement du Site.&nbsp;<\/p>\n\n\n\n<p>Pour plus d\u2019informations sur le param\u00e9trage des cookies, l\u2019internaute peut consulter le site de la&nbsp;<a href=\"https:\/\/www.cnil.fr\/fr\/cookies-les-outils-pour-les-maitriser\" target=\"_blank\" rel=\"noreferrer noopener\">CNIL<\/a>&nbsp;ou les sites suivants selon son navigateur :<\/p>\n\n\n\n<p><a href=\"https:\/\/support.apple.com\/fr-fr\/guide\/safari\/sfri11471\/mac\" target=\"_blank\" rel=\"noreferrer noopener\">Safari<\/a>&nbsp;<\/p>\n\n\n\n<p><a href=\"https:\/\/support.google.com\/chrome\/answer\/95647?hl=fr&amp;hlrm=en\" target=\"_blank\" rel=\"noreferrer noopener\">Chrome<\/a><\/p>\n\n\n\n<p><a href=\"https:\/\/support.microsoft.com\/fr-fr\/help\/17442\/windows-internet-explorer-delete-manage-cookies\" target=\"_blank\" rel=\"noreferrer noopener\">Internet Explorer&nbsp;<\/a><\/p>\n\n\n\n<p><a href=\"https:\/\/support.mozilla.org\/fr\/kb\/activer-desactiver-cookies-preferences?redirectlocale=fr&amp;redirectslug=activer-desactiver-cookies\" target=\"_blank\" rel=\"noreferrer noopener\">Firefox<\/a>&nbsp;&nbsp;<\/p>\n\n\n\n<p><a href=\"http:\/\/help.opera.com\/Windows\/10.20\/fr\/cookies.html\" target=\"_blank\" rel=\"noreferrer noopener\">Opera<\/a>&nbsp;<\/p>\n\n\n\n<p>En modifiant ou en publiant une publication, un cookie suppl\u00e9mentaire sera enregistr\u00e9 dans votre navigateur. Ce cookie ne comprend aucune donn\u00e9e personnelle. Il indique simplement l\u2019ID de la publication que vous venez de modifier. Il expire au bout d\u2019un jour.<\/p>","protected":false},"excerpt":{"rendered":"<p>Extension de gestion des cookies CookieYes Utilisation des cookies sur le site Les cookies utilis\u00e9s sur le Site :&nbsp; Nom du cookie Comment ne plus \u00eatre suivi ? Youtube En param\u00e9trant votre navigateur de mani\u00e8re \u00e0 bloquer tous les cookies (d\u00e9tails compl\u00e9mentaires ici) Google Analytics En vous rendant&nbsp;ici Google reCaptcha Cookie n\u00e9cessaire WordPress Emoji Cookie [&hellip;]<\/p>\n","protected":false},"author":1,"featured_media":0,"parent":0,"menu_order":0,"comment_status":"closed","ping_status":"closed","template":"","meta":{"_acf_changed":false,"footnotes":""},"class_list":["post-2067","page","type-page","status-publish","hentry"],"acf":[],"_links":{"self":[{"href":"https:\/\/regn.fr\/fr\/wp-json\/wp\/v2\/pages\/2067","targetHints":{"allow":["GET"]}}],"collection":[{"href":"https:\/\/regn.fr\/fr\/wp-json\/wp\/v2\/pages"}],"about":[{"href":"https:\/\/regn.fr\/fr\/wp-json\/wp\/v2\/types\/page"}],"author":[{"embeddable":true,"href":"https:\/\/regn.fr\/fr\/wp-json\/wp\/v2\/users\/1"}],"replies":[{"embeddable":true,"href":"https:\/\/regn.fr\/fr\/wp-json\/wp\/v2\/comments?post=2067"}],"version-history":[{"count":2,"href":"https:\/\/regn.fr\/fr\/wp-json\/wp\/v2\/pages\/2067\/revisions"}],"predecessor-version":[{"id":2079,"href":"https:\/\/regn.fr\/fr\/wp-json\/wp\/v2\/pages\/2067\/revisions\/2079"}],"wp:attachment":[{"href":"https:\/\/regn.fr\/fr\/wp-json\/wp\/v2\/media?parent=2067"}],"curies":[{"name":"wp","href":"https:\/\/api.w.org\/{rel}","templated":true}]}}